{"id":55,"date":"2021-10-27T14:22:35","date_gmt":"2021-10-27T14:22:35","guid":{"rendered":"https:\/\/hbsmagazine.eu\/?page_id=55"},"modified":"2024-08-30T11:16:10","modified_gmt":"2024-08-30T11:16:10","slug":"czytaj-online","status":"publish","type":"page","link":"https:\/\/hbsmagazine.eu\/pl\/czytaj-online\/","title":{"rendered":"Czytaj online"},"content":{"rendered":"\t\t<div data-elementor-type=\"wp-page\" data-elementor-id=\"55\" class=\"elementor elementor-55\" data-elementor-post-type=\"page\">\n\t\t\t\t<div class=\"elementor-element elementor-element-6261cc5e e-flex e-con-boxed e-con e-parent\" data-id=\"6261cc5e\" data-element_type=\"container\" data-settings=\"{&quot;background_background&quot;:&quot;classic&quot;}\">\n\t\t\t\t\t<div class=\"e-con-inner\">\n\t\t<div class=\"elementor-element elementor-element-5fea78ab e-con-full e-flex e-con e-child\" data-id=\"5fea78ab\" data-element_type=\"container\">\n\t\t\t\t<div class=\"elementor-element elementor-element-5983e567 elementor-widget elementor-widget-text-editor\" data-id=\"5983e567\" data-element_type=\"widget\" data-widget_type=\"text-editor.default\">\n\t\t\t\t<div class=\"elementor-widget-container\">\n\t\t\t<style>\/*! elementor - v3.23.0 - 15-07-2024 *\/\n.elementor-widget-text-editor.elementor-drop-cap-view-stacked .elementor-drop-cap{background-color:#69727d;color:#fff}.elementor-widget-text-editor.elementor-drop-cap-view-framed .elementor-drop-cap{color:#69727d;border:3px solid;background-color:transparent}.elementor-widget-text-editor:not(.elementor-drop-cap-view-default) .elementor-drop-cap{margin-top:8px}.elementor-widget-text-editor:not(.elementor-drop-cap-view-default) .elementor-drop-cap-letter{width:1em;height:1em}.elementor-widget-text-editor .elementor-drop-cap{float:left;text-align:center;line-height:1;font-size:50px}.elementor-widget-text-editor .elementor-drop-cap-letter{display:inline-block}<\/style>\t\t\t\t<p style=\"text-align: center;\">Zanurz si\u0119 wi\u0119c w nasze wydanie online ju\u017c dzi\u015b \u2013 jest bezp\u0142atne.<\/p><p style=\"text-align: center;\">Do\u015bwiadcz jako\u015bci i r\u00f3\u017cnorodno\u015bci, kt\u00f3re sprawiaj\u0105, \u017ce HAIR &amp; BEAUTY STARS jest uwielbian\u0105 publikacj\u0105 dla tak wielu os\u00f3b. A kiedy b\u0119dziesz got\u00f3w na wi\u0119cej, z rado\u015bci\u0105 powitamy Ci\u0119 w gronie naszych rosn\u0105cych czytelnik\u00f3w.<\/p><p style=\"text-align: center;\">Uwierz nam, nie b\u0119dziesz chcia\u0142 przegapi\u0107 tego, co nadchodzi.<\/p>\t\t\t\t\t\t<\/div>\n\t\t\t\t<\/div>\n\t\t\t\t<\/div>\n\t\t\t\t\t<\/div>\n\t\t\t\t<\/div>\n\t\t<div class=\"elementor-element elementor-element-521c69b e-flex e-con-boxed e-con e-parent\" data-id=\"521c69b\" data-element_type=\"container\">\n\t\t\t\t\t<div class=\"e-con-inner\">\n\t\t\t\t<div class=\"elementor-element elementor-element-087c0c4 elementor-widget-mobile__width-inherit elementor-widget elementor-widget-html\" data-id=\"087c0c4\" data-element_type=\"widget\" data-widget_type=\"html.default\">\n\t\t\t\t<div class=\"elementor-widget-container\">\n\t\t\t<style>.embed-container { position: relative; padding-bottom: 56.25%; height: 0; overflow: hidden; width: 100%; max-width: 100%; } .embed-container iframe, .embed-container object, .embed-container embed { position: absolute; top: 0; left: 0; width: 100%; height: 100%; }@media  only screen and (max-width:999px) {.embed-container { position: relative; padding-bottom: 110%;}}<\/style><div class='embed-container'><iframe src='https:\/\/flipbooklets.com\/pdfflipbooklets\/magazyn-hair-beauty-stars-polska-nr-1' style='border:0' allowfullscreen><\/iframe><\/div>\t\t<\/div>\n\t\t\t\t<\/div>\n\t\t\t\t\t<\/div>\n\t\t\t\t<\/div>\n\t\t\t\t<\/div>\n\t\t","protected":false},"excerpt":{"rendered":"<p>Zanurz si\u0119 wi\u0119c w nasze wydanie online ju\u017c dzi\u015b \u2013 jest bezp\u0142atne. Do\u015bwiadcz jako\u015bci i r\u00f3\u017cnorodno\u015bci, kt\u00f3re sprawiaj\u0105, \u017ce HAIR &amp; BEAUTY STARS jest uwielbian\u0105 publikacj\u0105 dla tak wielu os\u00f3b. A kiedy b\u0119dziesz got\u00f3w na wi\u0119cej, z rado\u015bci\u0105 powitamy Ci\u0119 w gronie naszych rosn\u0105cych czytelnik\u00f3w. Uwierz nam, nie b\u0119dziesz chcia\u0142 przegapi\u0107 tego, co nadchodzi.<\/p>\n","protected":false},"author":3,"featured_media":0,"parent":0,"menu_order":5,"comment_status":"closed","ping_status":"closed","template":"","meta":{"footnotes":""},"class_list":["post-55","page","type-page","status-publish","hentry"],"blocksy_meta":[],"_links":{"self":[{"href":"https:\/\/hbsmagazine.eu\/pl\/wp-json\/wp\/v2\/pages\/55","targetHints":{"allow":["GET"]}}],"collection":[{"href":"https:\/\/hbsmagazine.eu\/pl\/wp-json\/wp\/v2\/pages"}],"about":[{"href":"https:\/\/hbsmagazine.eu\/pl\/wp-json\/wp\/v2\/types\/page"}],"author":[{"embeddable":true,"href":"https:\/\/hbsmagazine.eu\/pl\/wp-json\/wp\/v2\/users\/3"}],"replies":[{"embeddable":true,"href":"https:\/\/hbsmagazine.eu\/pl\/wp-json\/wp\/v2\/comments?post=55"}],"version-history":[{"count":11,"href":"https:\/\/hbsmagazine.eu\/pl\/wp-json\/wp\/v2\/pages\/55\/revisions"}],"predecessor-version":[{"id":3126,"href":"https:\/\/hbsmagazine.eu\/pl\/wp-json\/wp\/v2\/pages\/55\/revisions\/3126"}],"wp:attachment":[{"href":"https:\/\/hbsmagazine.eu\/pl\/wp-json\/wp\/v2\/media?parent=55"}],"curies":[{"name":"wp","href":"https:\/\/api.w.org\/{rel}","templated":true}]}}